{"id":852,"date":"2023-12-05T21:28:16","date_gmt":"2023-12-05T20:28:16","guid":{"rendered":"http:\/\/aplicatibox.zz.vc\/carbonell\/?page_id=852"},"modified":"2023-12-05T21:47:17","modified_gmt":"2023-12-05T20:47:17","slug":"informe-de-gestion-2021","status":"publish","type":"page","link":"https:\/\/aplicatibox.zz.vc\/carbonell\/index.php\/informe-de-gestion-2021\/","title":{"rendered":"Informe de gesti\u00f3n 2021"},"content":{"rendered":"\t\t<div data-elementor-type=\"wp-page\" data-elementor-id=\"852\" class=\"elementor elementor-852\" data-elementor-post-type=\"page\">\n\t\t\t\t\t\t\t<div class=\"elementor-element elementor-element-9d4881d e-flex e-con-boxed e-con e-parent\" data-id=\"9d4881d\" data-element_type=\"container\" data-settings=\"{&quot;content_width&quot;:&quot;boxed&quot;}\" data-core-v316-plus=\"true\">\n\t\t\t\t\t<div class=\"e-con-inner\">\n\t\t<div class=\"elementor-element elementor-element-2507865f e-con-full e-flex e-con e-child\" data-id=\"2507865f\" data-element_type=\"container\" data-settings=\"{&quot;content_width&quot;:&quot;full&quot;,&quot;background_background&quot;:&quot;classic&quot;}\">\n\t\t\t\t<div class=\"elementor-element elementor-element-801d7f3 elementor-widget elementor-widget-heading\" data-id=\"801d7f3\" data-element_type=\"widget\" data-widget_type=\"heading.default\">\n\t\t\t\t<div class=\"elementor-widget-container\">\n\t\t\t<style>\/*! elementor - v3.18.0 - 08-12-2023 *\/\n.elementor-heading-title{padding:0;margin:0;line-height:1}.elementor-widget-heading .elementor-heading-title[class*=elementor-size-]>a{color:inherit;font-size:inherit;line-height:inherit}.elementor-widget-heading .elementor-heading-title.elementor-size-small{font-size:15px}.elementor-widget-heading .elementor-heading-title.elementor-size-medium{font-size:19px}.elementor-widget-heading .elementor-heading-title.elementor-size-large{font-size:29px}.elementor-widget-heading .elementor-heading-title.elementor-size-xl{font-size:39px}.elementor-widget-heading .elementor-heading-title.elementor-size-xxl{font-size:59px}<\/style><h2 class=\"elementor-heading-title elementor-size-default\">Informes de gesti\u00f3n<\/h2>\t\t<\/div>\n\t\t\t\t<\/div>\n\t\t\t\t<div class=\"elementor-element elementor-element-4c62ca1c elementor-widget elementor-widget-jkit_nav_menu\" data-id=\"4c62ca1c\" data-element_type=\"widget\" data-widget_type=\"jkit_nav_menu.default\">\n\t\t\t\t<div class=\"elementor-widget-container\">\n\t\t\t<div  class=\"jeg-elementor-kit jkit-nav-menu break-point-tablet submenu-click-title jeg_module___69efb14b2a88d\"  data-item-indicator=\"&lt;svg aria-hidden=&quot;true&quot; class=&quot;e-font-icon-svg e-fas-angle-down&quot; viewBox=&quot;0 0 320 512&quot; xmlns=&quot;http:\/\/www.w3.org\/2000\/svg&quot;&gt;&lt;path d=&quot;M143 352.3L7 216.3c-9.4-9.4-9.4-24.6 0-33.9l22.6-22.6c9.4-9.4 24.6-9.4 33.9 0l96.4 96.4 96.4-96.4c9.4-9.4 24.6-9.4 33.9 0l22.6 22.6c9.4 9.4 9.4 24.6 0 33.9l-136 136c-9.2 9.4-24.4 9.4-33.8 0z&quot;&gt;&lt;\/path&gt;&lt;\/svg&gt;\"><button class=\"jkit-hamburger-menu\"><svg aria-hidden=\"true\" class=\"e-font-icon-svg e-fas-bars\" viewBox=\"0 0 448 512\" xmlns=\"http:\/\/www.w3.org\/2000\/svg\"><path d=\"M16 132h416c8.837 0 16-7.163 16-16V76c0-8.837-7.163-16-16-16H16C7.163 60 0 67.163 0 76v40c0 8.837 7.163 16 16 16zm0 160h416c8.837 0 16-7.163 16-16v-40c0-8.837-7.163-16-16-16H16c-8.837 0-16 7.163-16 16v40c0 8.837 7.163 16 16 16zm0 160h416c8.837 0 16-7.163 16-16v-40c0-8.837-7.163-16-16-16H16c-8.837 0-16 7.163-16 16v40c0 8.837 7.163 16 16 16z\"><\/path><\/svg><\/button>\n        <div class=\"jkit-menu-wrapper\"><div class=\"jkit-menu-container\"><ul id=\"menu-informe-de-gestion\" class=\"jkit-menu jkit-menu-direction-block jkit-submenu-position-top\"><li id=\"menu-item-784\" class=\"menu-item menu-item-type-post_type menu-item-object-page menu-item-784\"><a href=\"https:\/\/aplicatibox.zz.vc\/carbonell\/index.php\/informe-de-gestion-2015\/\" onClick=\"return true\">Informe de gesti\u00f3n 2015<\/a><\/li>\n<li id=\"menu-item-785\" class=\"menu-item menu-item-type-post_type menu-item-object-page menu-item-785\"><a href=\"https:\/\/aplicatibox.zz.vc\/carbonell\/index.php\/informe-de-gestion-2016\/\" onClick=\"return true\">Informe de gesti\u00f3n 2016<\/a><\/li>\n<li id=\"menu-item-876\" class=\"menu-item menu-item-type-post_type menu-item-object-page menu-item-876\"><a href=\"https:\/\/aplicatibox.zz.vc\/carbonell\/index.php\/informe-de-gestion-2017\/\" onClick=\"return true\">Informe de gesti\u00f3n 2017<\/a><\/li>\n<li id=\"menu-item-899\" class=\"menu-item menu-item-type-post_type menu-item-object-page menu-item-899\"><a href=\"https:\/\/aplicatibox.zz.vc\/carbonell\/index.php\/informe-de-gestion-2018\/\" onClick=\"return true\">Informe de gesti\u00f3n 2018<\/a><\/li>\n<li id=\"menu-item-874\" class=\"menu-item menu-item-type-post_type menu-item-object-page menu-item-874\"><a href=\"https:\/\/aplicatibox.zz.vc\/carbonell\/index.php\/informe-de-gestion-2019\/\" onClick=\"return true\">Informe de gesti\u00f3n 2019<\/a><\/li>\n<li id=\"menu-item-873\" class=\"menu-item menu-item-type-post_type menu-item-object-page menu-item-873\"><a href=\"https:\/\/aplicatibox.zz.vc\/carbonell\/index.php\/informe-de-gestion-2020\/\" onClick=\"return true\">Informe de gesti\u00f3n 2020<\/a><\/li>\n<li id=\"menu-item-872\" class=\"menu-item menu-item-type-post_type menu-item-object-page menu-item-872\"><a href=\"https:\/\/aplicatibox.zz.vc\/carbonell\/index.php\/informe-de-gestion-2021\/\" onClick=\"return true\">Informe de gesti\u00f3n 2021<\/a><\/li>\n<li id=\"menu-item-871\" class=\"menu-item menu-item-type-post_type menu-item-object-page menu-item-871\"><a href=\"https:\/\/aplicatibox.zz.vc\/carbonell\/index.php\/informe-de-gestion-2022\/\" onClick=\"return true\">Informe de gesti\u00f3n 2022<\/a><\/li>\n<li id=\"menu-item-870\" class=\"menu-item menu-item-type-post_type menu-item-object-page menu-item-870\"><a href=\"https:\/\/aplicatibox.zz.vc\/carbonell\/index.php\/informe-de-gestion-2023\/\" onClick=\"return true\">Informe de gesti\u00f3n 2023<\/a><\/li>\n<\/ul><\/div>\n            <div class=\"jkit-nav-identity-panel\">\n                <div class=\"jkit-nav-site-title\"><a href=\"https:\/\/aplicatibox.zz.vc\/carbonell\" class=\"jkit-nav-logo\"><\/a><\/div>\n                <button class=\"jkit-close-menu\"><svg aria-hidden=\"true\" class=\"e-font-icon-svg e-fas-times\" viewBox=\"0 0 352 512\" xmlns=\"http:\/\/www.w3.org\/2000\/svg\"><path d=\"M242.72 256l100.07-100.07c12.28-12.28 12.28-32.19 0-44.48l-22.24-22.24c-12.28-12.28-32.19-12.28-44.48 0L176 189.28 75.93 89.21c-12.28-12.28-32.19-12.28-44.48 0L9.21 111.45c-12.28 12.28-12.28 32.19 0 44.48L109.28 256 9.21 356.07c-12.28 12.28-12.28 32.19 0 44.48l22.24 22.24c12.28 12.28 32.2 12.28 44.48 0L176 322.72l100.07 100.07c12.28 12.28 32.2 12.28 44.48 0l22.24-22.24c12.28-12.28 12.28-32.19 0-44.48L242.72 256z\"><\/path><\/svg><\/button>\n            <\/div>\n        <\/div>\n        <div class=\"jkit-overlay\"><\/div><\/div>\t\t<\/div>\n\t\t\t\t<\/div>\n\t\t\t\t<\/div>\n\t\t<div class=\"elementor-element elementor-element-18b8063e e-con-full e-flex e-con e-child\" data-id=\"18b8063e\" data-element_type=\"container\" data-settings=\"{&quot;content_width&quot;:&quot;full&quot;}\">\n\t\t\t\t<div class=\"elementor-element elementor-element-35e41e8a elementor-widget elementor-widget-text-editor\" data-id=\"35e41e8a\" data-element_type=\"widget\" data-widget_type=\"text-editor.default\">\n\t\t\t\t<div class=\"elementor-widget-container\">\n\t\t\t<style>\/*! elementor - v3.18.0 - 08-12-2023 *\/\n.elementor-widget-text-editor.elementor-drop-cap-view-stacked .elementor-drop-cap{background-color:#69727d;color:#fff}.elementor-widget-text-editor.elementor-drop-cap-view-framed .elementor-drop-cap{color:#69727d;border:3px solid;background-color:transparent}.elementor-widget-text-editor:not(.elementor-drop-cap-view-default) .elementor-drop-cap{margin-top:8px}.elementor-widget-text-editor:not(.elementor-drop-cap-view-default) .elementor-drop-cap-letter{width:1em;height:1em}.elementor-widget-text-editor .elementor-drop-cap{float:left;text-align:center;line-height:1;font-size:50px}.elementor-widget-text-editor .elementor-drop-cap-letter{display:inline-block}<\/style>\t\t\t\t<p><a href=\"https:\/\/aplicatibox.zz.vc\/carbonell\/wp-content\/uploads\/2023\/12\/informe_gestion2021-1.pdf\" class=\"pdfemb-viewer\" style=\"\" data-width=\"max\" data-height=\"max\"  data-toolbar=\"bottom\" data-toolbar-fixed=\"off\">informe_gestion2021<br\/><\/a><\/p>\t\t\t\t\t\t<\/div>\n\t\t\t\t<\/div>\n\t\t\t\t<\/div>\n\t\t\t\t\t<\/div>\n\t\t\t\t<\/div>\n\t\t<div class=\"elementor-element elementor-element-a1866a3 e-flex e-con-boxed e-con e-parent\" data-id=\"a1866a3\" data-element_type=\"container\" data-settings=\"{&quot;content_width&quot;:&quot;boxed&quot;}\" data-core-v316-plus=\"true\">\n\t\t\t\t\t<div class=\"e-con-inner\">\n\t\t\t\t\t<\/div>\n\t\t\t\t<\/div>\n\t\t\t\t\t\t\t<\/div>\n\t\t","protected":false},"excerpt":{"rendered":"<p>Informes de gesti\u00f3n Informe de gesti\u00f3n 2015 Informe de gesti\u00f3n 2016 Informe de gesti\u00f3n 2017 Informe de gesti\u00f3n 2018 Informe de gesti\u00f3n 2019 Informe de gesti\u00f3n 2020 Informe de gesti\u00f3n [&hellip;]<\/p>\n","protected":false},"author":1,"featured_media":0,"parent":0,"menu_order":0,"comment_status":"closed","ping_status":"closed","template":"","meta":{"footnotes":""},"_links":{"self":[{"href":"https:\/\/aplicatibox.zz.vc\/carbonell\/index.php\/wp-json\/wp\/v2\/pages\/852"}],"collection":[{"href":"https:\/\/aplicatibox.zz.vc\/carbonell\/index.php\/wp-json\/wp\/v2\/pages"}],"about":[{"href":"https:\/\/aplicatibox.zz.vc\/carbonell\/index.php\/wp-json\/wp\/v2\/types\/page"}],"author":[{"embeddable":true,"href":"https:\/\/aplicatibox.zz.vc\/carbonell\/index.php\/wp-json\/wp\/v2\/users\/1"}],"replies":[{"embeddable":true,"href":"https:\/\/aplicatibox.zz.vc\/carbonell\/index.php\/wp-json\/wp\/v2\/comments?post=852"}],"version-history":[{"count":7,"href":"https:\/\/aplicatibox.zz.vc\/carbonell\/index.php\/wp-json\/wp\/v2\/pages\/852\/revisions"}],"predecessor-version":[{"id":911,"href":"https:\/\/aplicatibox.zz.vc\/carbonell\/index.php\/wp-json\/wp\/v2\/pages\/852\/revisions\/911"}],"wp:attachment":[{"href":"https:\/\/aplicatibox.zz.vc\/carbonell\/index.php\/wp-json\/wp\/v2\/media?parent=852"}],"curies":[{"name":"wp","href":"https:\/\/api.w.org\/{rel}","templated":true}]}}